{"id":1391,"date":"2024-07-13T08:04:32","date_gmt":"2024-07-13T08:04:32","guid":{"rendered":"https:\/\/nowa.mogielnica.pl\/?page_id=1391"},"modified":"2024-10-29T13:00:13","modified_gmt":"2024-10-29T13:00:13","slug":"wnioski-i-druki","status":"publish","type":"page","link":"https:\/\/nowa.mogielnica.pl\/?page_id=1391","title":{"rendered":"Wnioski i Druki"},"content":{"rendered":"\n<p>Zalecane&nbsp;przegl\u0105darki&nbsp;do obs\u0142ugi dokument\u00f3w: <strong>Chrome, Firefox, Chromium<\/strong> W przegl\u0105darce Microsoft Edge mog\u0105 wyst\u0119powa\u0107 problemy z odczytaniem pliku. Za utrudnienia przepraszamy.<\/p>\n\n\n\n<div class=\"wp-block-file\"><a id=\"wp-block-file--media-b3c786d6-9d9a-460d-a38d-5911aa9d60d5\" href=\"https:\/\/nowa.mogielnica.pl\/wp-content\/uploads\/2024\/07\/Ankieta_ewidencja_zbiornikow_bezodplywowych_2023.odt\"><strong>Ankieta_ewidencja_zbiornikow_bezodplywowych_2023<\/strong><\/a><a href=\"https:\/\/nowa.mogielnica.pl\/wp-content\/uploads\/2024\/07\/Ankieta_ewidencja_zbiornikow_bezodplywowych_2023.odt\" class=\"wp-block-file__button wp-element-button\" download aria-describedby=\"wp-block-file--media-b3c786d6-9d9a-460d-a38d-5911aa9d60d5\">Pobierz<\/a><\/div>\n\n\n\n<div class=\"wp-block-file\"><a id=\"wp-block-file--media-089e271f-e548-41a2-a19b-7d04a2b1ba60\" href=\"https:\/\/nowa.mogielnica.pl\/wp-content\/uploads\/2024\/07\/Wniosek_o_zmiane_nazwiska_lub_imienia.pdf\"><br><br><strong>Wniosek_o_zmiane_nazwiska_lub_imienia<\/strong><\/a><a href=\"https:\/\/nowa.mogielnica.pl\/wp-content\/uploads\/2024\/07\/Wniosek_o_zmiane_nazwiska_lub_imienia.pdf\" class=\"wp-block-file__button wp-element-button\" download aria-describedby=\"wp-block-file--media-089e271f-e548-41a2-a19b-7d04a2b1ba60\">Pobierz<\/a><\/div>\n\n\n\n<div class=\"wp-block-file\"><a id=\"wp-block-file--media-e8bd7711-d351-418b-ac9f-2e167586739b\" href=\"https:\/\/nowa.mogielnica.pl\/wp-content\/uploads\/2024\/07\/Wniosek_o_wydanie_zaswiadczenia_o_stanie_cywilnym.pdf\"><br><strong>Wniosek_o_wydanie_zaswiadczenia_o_stanie_cywilnym<\/strong><\/a><a href=\"https:\/\/nowa.mogielnica.pl\/wp-content\/uploads\/2024\/07\/Wniosek_o_wydanie_zaswiadczenia_o_stanie_cywilnym.pdf\" class=\"wp-block-file__button wp-element-button\" download aria-describedby=\"wp-block-file--media-e8bd7711-d351-418b-ac9f-2e167586739b\">Pobierz<\/a><\/div>\n\n\n\n<div class=\"wp-block-file\"><a id=\"wp-block-file--media-6c72495e-ee7e-463d-a152-1be1ea5a5e87\" href=\"https:\/\/nowa.mogielnica.pl\/wp-content\/uploads\/2024\/07\/Wniosek_o_wpisanie_zagranicznego_aktu_zgonu.pdf\"><br><strong>Wniosek_o_wpisanie_zagranicznego_aktu_zgonu<\/strong><\/a><a href=\"https:\/\/nowa.mogielnica.pl\/wp-content\/uploads\/2024\/07\/Wniosek_o_wpisanie_zagranicznego_aktu_zgonu.pdf\" class=\"wp-block-file__button wp-element-button\" download aria-describedby=\"wp-block-file--media-6c72495e-ee7e-463d-a152-1be1ea5a5e87\">Pobierz<\/a><\/div>\n\n\n\n<div class=\"wp-block-file\"><a id=\"wp-block-file--media-8ad562de-0be9-4d96-803e-dc0f4ff32486\" href=\"https:\/\/nowa.mogielnica.pl\/wp-content\/uploads\/2024\/07\/Wniosek_o_wpisanie_zagranicznego_aktu_urodzenia.pdf\"><br><strong>Wniosek_o_wpisanie_zagranicznego_aktu_urodzenia<\/strong><\/a><a href=\"https:\/\/nowa.mogielnica.pl\/wp-content\/uploads\/2024\/07\/Wniosek_o_wpisanie_zagranicznego_aktu_urodzenia.pdf\" class=\"wp-block-file__button wp-element-button\" download aria-describedby=\"wp-block-file--media-8ad562de-0be9-4d96-803e-dc0f4ff32486\">Pobierz<\/a><\/div>\n\n\n\n<div class=\"wp-block-file\"><a id=\"wp-block-file--media-2be06bb3-754b-4e6f-bad6-3ddb56f2db83\" href=\"https:\/\/nowa.mogielnica.pl\/wp-content\/uploads\/2024\/07\/Wniosek_o_wpisanie_zagranicznego_aktu_malzenstwa.pdf\"><br><strong>Wniosek_o_wpisanie_zagranicznego_aktu_malzenstwa<\/strong><\/a><a href=\"https:\/\/nowa.mogielnica.pl\/wp-content\/uploads\/2024\/07\/Wniosek_o_wpisanie_zagranicznego_aktu_malzenstwa.pdf\" class=\"wp-block-file__button wp-element-button\" download aria-describedby=\"wp-block-file--media-2be06bb3-754b-4e6f-bad6-3ddb56f2db83\">Pobierz<\/a><\/div>\n\n\n\n<div class=\"wp-block-file\"><a id=\"wp-block-file--media-457cd5c7-6bd2-402f-8e53-8772945bd83d\" href=\"https:\/\/nowa.mogielnica.pl\/wp-content\/uploads\/2024\/07\/Wniosek_o_uzupelnienie_aktu_stanu_cywilnego.pdf\"><br><strong>Wniosek_o_uzupelnienie_aktu_stanu_cywilnego<\/strong><\/a><a href=\"https:\/\/nowa.mogielnica.pl\/wp-content\/uploads\/2024\/07\/Wniosek_o_uzupelnienie_aktu_stanu_cywilnego.pdf\" class=\"wp-block-file__button wp-element-button\" download aria-describedby=\"wp-block-file--media-457cd5c7-6bd2-402f-8e53-8772945bd83d\">Pobierz<\/a><\/div>\n\n\n\n<div class=\"wp-block-file\"><a id=\"wp-block-file--media-f086ad13-b8d3-42af-a255-7bd65fb7df98\" href=\"https:\/\/nowa.mogielnica.pl\/wp-content\/uploads\/2024\/07\/Wniosek_o_sprostowanie_aktu_stanu_cywilnego.pdf\"><br><strong>Wniosek_o_sprostowanie_aktu_stanu_cywilnego<\/strong><\/a><a href=\"https:\/\/nowa.mogielnica.pl\/wp-content\/uploads\/2024\/07\/Wniosek_o_sprostowanie_aktu_stanu_cywilnego.pdf\" class=\"wp-block-file__button wp-element-button\" download aria-describedby=\"wp-block-file--media-f086ad13-b8d3-42af-a255-7bd65fb7df98\">Pobierz<\/a><\/div>\n\n\n\n<div class=\"wp-block-file\"><a id=\"wp-block-file--media-ffeda69a-3021-4c62-b22b-6f4cd259b5fe\" href=\"https:\/\/nowa.mogielnica.pl\/wp-content\/uploads\/2024\/07\/Wniosek_o_sprostowanie_aktu_stanu_cywilnego-1.pdf\"><br><strong>Wniosek_o_sprostowanie_aktu_stanu_cywilnego-1<\/strong><\/a><a href=\"https:\/\/nowa.mogielnica.pl\/wp-content\/uploads\/2024\/07\/Wniosek_o_sprostowanie_aktu_stanu_cywilnego-1.pdf\" class=\"wp-block-file__button wp-element-button\" download aria-describedby=\"wp-block-file--media-ffeda69a-3021-4c62-b22b-6f4cd259b5fe\">Pobierz<\/a><\/div>\n\n\n\n<div class=\"wp-block-file\"><a id=\"wp-block-file--media-5631ede9-28fc-4166-9d96-cbc5c313b381\" href=\"https:\/\/nowa.mogielnica.pl\/wp-content\/uploads\/2024\/07\/Podanie_o_wydanie_odpisu_skroconego_zupelnego_aktu_urodzenia_malzenstwa_zgonu.pdf\"><br><strong>Podanie_o_wydanie_odpisu_skroconego_zupelnego_aktu_urodzenia_malzenstwa_zgonu<\/strong><\/a><a href=\"https:\/\/nowa.mogielnica.pl\/wp-content\/uploads\/2024\/07\/Podanie_o_wydanie_odpisu_skroconego_zupelnego_aktu_urodzenia_malzenstwa_zgonu.pdf\" class=\"wp-block-file__button wp-element-button\" download aria-describedby=\"wp-block-file--media-5631ede9-28fc-4166-9d96-cbc5c313b381\">Pobierz<\/a><\/div>\n\n\n\n<p><\/p>\n\n\n\n<p>****************************************************************************<\/p>\n\n\n\n<div class=\"wp-block-group is-vertical is-layout-flex wp-container-core-group-is-layout-8cf370e7 wp-block-group-is-layout-flex\">\n<div class=\"wp-block-file\"><a id=\"wp-block-file--media-1811df13-941a-420c-abca-0f481d82ce51\" href=\"https:\/\/nowa.mogielnica.pl\/wp-content\/uploads\/2024\/07\/Wniosek_o_wydanie_zezwolenia_na_umieszczenie_urzadzeniaobiektureklamy_w_pasie_drogowym.pdf\"><strong>Wniosek_o_wydanie_zezwolenia_na_umieszczenie_urzadzenia obiektu reklamy_w_pasie_drogowym<\/strong><\/a><a href=\"https:\/\/nowa.mogielnica.pl\/wp-content\/uploads\/2024\/07\/Wniosek_o_wydanie_zezwolenia_na_umieszczenie_urzadzeniaobiektureklamy_w_pasie_drogowym.pdf\" class=\"wp-block-file__button wp-element-button\" download aria-describedby=\"wp-block-file--media-1811df13-941a-420c-abca-0f481d82ce51\">Pobierz<\/a><\/div>\n\n\n\n<div class=\"wp-block-file\"><a id=\"wp-block-file--media-caa03c20-7fb2-425b-9055-d2a72b2a4028\" href=\"https:\/\/nowa.mogielnica.pl\/wp-content\/uploads\/2024\/07\/Wniosek_o_wydanie_zezwolenia_na_zajecie_pasa_drogowego.pdf\"><br><strong>Wniosek_o_wydanie_zezwolenia_na_zajecie_pasa_drogowego<\/strong><\/a><a href=\"https:\/\/nowa.mogielnica.pl\/wp-content\/uploads\/2024\/07\/Wniosek_o_wydanie_zezwolenia_na_zajecie_pasa_drogowego.pdf\" class=\"wp-block-file__button wp-element-button\" download aria-describedby=\"wp-block-file--media-caa03c20-7fb2-425b-9055-d2a72b2a4028\">Pobierz<\/a><\/div>\n\n\n\n<div class=\"wp-block-file\"><a id=\"wp-block-file--media-8f707fb2-f53c-434b-8f7c-db6cafc95978\" href=\"https:\/\/nowa.mogielnica.pl\/wp-content\/uploads\/2024\/07\/Wniosek-o-ustalenie-lokalizacji-inwestycji-celu-publicznego-albo-warunkow-zabudowy.docx\"><br><strong>Wniosek o ustalenie lokalizacji inwestycji celu publicznego albo warunk\u00f3w zabudowy<\/strong><\/a><a href=\"https:\/\/nowa.mogielnica.pl\/wp-content\/uploads\/2024\/07\/Wniosek-o-ustalenie-lokalizacji-inwestycji-celu-publicznego-albo-warunkow-zabudowy.docx\" class=\"wp-block-file__button wp-element-button\" download aria-describedby=\"wp-block-file--media-8f707fb2-f53c-434b-8f7c-db6cafc95978\">Pobierz<\/a><\/div>\n\n\n\n<div class=\"wp-block-file\"><a id=\"wp-block-file--media-f012b504-feca-4ccb-94ee-a3b60f5b472b\" href=\"https:\/\/nowa.mogielnica.pl\/wp-content\/uploads\/2024\/07\/Wniosek-o-wydanie-zaswiadczenia-o-przeznaczeniu-dzialki-w-planie-zagospodarowania.doc\"><br><strong>Wniosek o wydanie za\u015bwiadczenia o przeznaczeniu dzia\u0142ki w planie zagospodarowania<\/strong><\/a><a href=\"https:\/\/nowa.mogielnica.pl\/wp-content\/uploads\/2024\/07\/Wniosek-o-wydanie-zaswiadczenia-o-przeznaczeniu-dzialki-w-planie-zagospodarowania.doc\" class=\"wp-block-file__button wp-element-button\" download aria-describedby=\"wp-block-file--media-f012b504-feca-4ccb-94ee-a3b60f5b472b\">Pobierz<\/a><\/div>\n<\/div>\n\n\n\n<p><\/p>\n\n\n\n<div class=\"wp-block-file\"><a id=\"wp-block-file--media-ad9bb3b5-ed61-4167-a109-c042df4a8e6d\" href=\"https:\/\/nowa.mogielnica.pl\/wp-content\/uploads\/2024\/10\/Wniosek-o-udzielenie-pomocy-w-utylizacji-odpadow-niebezpiecznych-zawierajacych-azbest.docx\"><strong>Wniosek o udzielenie pomocy w utylizacji odpad\u00f3w niebezpiecznych zawieraj\u0105cych azbest<\/strong><\/a><a href=\"https:\/\/nowa.mogielnica.pl\/wp-content\/uploads\/2024\/10\/Wniosek-o-udzielenie-pomocy-w-utylizacji-odpadow-niebezpiecznych-zawierajacych-azbest.docx\" class=\"wp-block-file__button wp-element-button\" download aria-describedby=\"wp-block-file--media-ad9bb3b5-ed61-4167-a109-c042df4a8e6d\">Pobierz<\/a><\/div>\n\n\n\n<div class=\"wp-block-group is-vertical is-layout-flex wp-container-core-group-is-layout-8cf370e7 wp-block-group-is-layout-flex\">\n<div class=\"wp-block-file\"><a id=\"wp-block-file--media-e5bf9d37-b215-4345-b418-e219515b3630\" href=\"https:\/\/nowa.mogielnica.pl\/wp-content\/uploads\/2024\/07\/zgloszenie-zamiaru-wyciecia-drzewa.docx\"><br><strong>zg\u0142oszenie zamiaru wyci\u0119cia drzewa<\/strong><\/a><a href=\"https:\/\/nowa.mogielnica.pl\/wp-content\/uploads\/2024\/07\/zgloszenie-zamiaru-wyciecia-drzewa.docx\" class=\"wp-block-file__button wp-element-button\" download aria-describedby=\"wp-block-file--media-e5bf9d37-b215-4345-b418-e219515b3630\">Pobierz<\/a><\/div>\n\n\n\n<div class=\"wp-block-file\"><a id=\"wp-block-file--media-b47753e7-2534-47bc-85b2-6f604c2ed89d\" href=\"https:\/\/nowa.mogielnica.pl\/wp-content\/uploads\/2024\/07\/Wniosek_o_nadanie_numeru_porzadkowego.docx\"><br><strong>Wniosek_o_nadanie_numeru_porzadkowego<\/strong><\/a><a href=\"https:\/\/nowa.mogielnica.pl\/wp-content\/uploads\/2024\/07\/Wniosek_o_nadanie_numeru_porzadkowego.docx\" class=\"wp-block-file__button wp-element-button\" download aria-describedby=\"wp-block-file--media-b47753e7-2534-47bc-85b2-6f604c2ed89d\">Pobierz<\/a><\/div>\n<\/div>\n\n\n\n<div class=\"wp-block-group is-vertical is-layout-flex wp-container-core-group-is-layout-8cf370e7 wp-block-group-is-layout-flex\">\n<div class=\"wp-block-file\"><a id=\"wp-block-file--media-575da0d0-a4dd-439b-9f9e-08921dd4b75b\" href=\"https:\/\/nowa.mogielnica.pl\/wp-content\/uploads\/2024\/07\/Druk_-Wniosek_na_ulge_o_nabycie_gruntow_wraz_z_zalacznikami.pdf\"><br><strong>Druk_-Wniosek_na_ulge_o_nabycie_gruntow_wraz_z_zalacznikami<\/strong><\/a><a href=\"https:\/\/nowa.mogielnica.pl\/wp-content\/uploads\/2024\/07\/Druk_-Wniosek_na_ulge_o_nabycie_gruntow_wraz_z_zalacznikami.pdf\" class=\"wp-block-file__button wp-element-button\" download aria-describedby=\"wp-block-file--media-575da0d0-a4dd-439b-9f9e-08921dd4b75b\">Pobierz<\/a><\/div>\n\n\n\n<div class=\"wp-block-file\"><a id=\"wp-block-file--media-3ec74c90-fead-4a6d-9ef1-a8a25422c4a2\" href=\"https:\/\/nowa.mogielnica.pl\/wp-content\/uploads\/2024\/07\/DRUK-Wniosek_w_sprawie_ulgi_inwest_wraz_zalacznikami.pdf\"><br><strong>DRUK-Wniosek_w_sprawie_ulgi_inwest_wraz_zalacznikami<\/strong><\/a><a href=\"https:\/\/nowa.mogielnica.pl\/wp-content\/uploads\/2024\/07\/DRUK-Wniosek_w_sprawie_ulgi_inwest_wraz_zalacznikami.pdf\" class=\"wp-block-file__button wp-element-button\" download aria-describedby=\"wp-block-file--media-3ec74c90-fead-4a6d-9ef1-a8a25422c4a2\">Pobierz<\/a><\/div>\n\n\n\n<div class=\"wp-block-file\"><a id=\"wp-block-file--media-07250bc5-98b1-4f91-a0e1-0db86bd8f439\" href=\"https:\/\/nowa.mogielnica.pl\/wp-content\/uploads\/2024\/07\/wniosek_o_wydanie_zaswiadczenia.doc\"><br><strong>wniosek_o_wydanie_zaswiadczenia<\/strong><\/a><a href=\"https:\/\/nowa.mogielnica.pl\/wp-content\/uploads\/2024\/07\/wniosek_o_wydanie_zaswiadczenia.doc\" class=\"wp-block-file__button wp-element-button\" download aria-describedby=\"wp-block-file--media-07250bc5-98b1-4f91-a0e1-0db86bd8f439\">Pobierz<\/a><\/div>\n<\/div>\n\n\n\n<div class=\"wp-block-file\"><a id=\"wp-block-file--media-e70b0e8b-fce9-4008-a0a7-12738b40dd5f\" href=\"https:\/\/nowa.mogielnica.pl\/wp-content\/uploads\/2024\/07\/WNIOSEK_O_DOFINANSOWANIE_KOSZTOW_KSZTALCENIA_MLODOCIANEGO_PRACOWNIKA_2017_2.doc\"><br><strong>WNIOSEK_O_DOFINANSOWANIE_KOSZTOW_KSZTALCENIA_MLODOCIANEGO_PRACOWNIKA_201<\/strong><br><strong>7_2<\/strong><\/a><a href=\"https:\/\/nowa.mogielnica.pl\/wp-content\/uploads\/2024\/07\/WNIOSEK_O_DOFINANSOWANIE_KOSZTOW_KSZTALCENIA_MLODOCIANEGO_PRACOWNIKA_2017_2.doc\" class=\"wp-block-file__button wp-element-button\" download aria-describedby=\"wp-block-file--media-e70b0e8b-fce9-4008-a0a7-12738b40dd5f\">Pobierz<\/a><\/div>\n\n\n\n<div class=\"wp-block-file\"><a id=\"wp-block-file--media-d3be36f0-5c7a-4064-a5c3-8852ed1a990e\" href=\"https:\/\/nowa.mogielnica.pl\/wp-content\/uploads\/2024\/10\/Wniosek-o-wydanie-zezwolen-na-sprzedaz-napojow-alkoholowych.docx\"><strong><br>Wniosek o wydanie zezwole\u0144 na sprzeda\u017c napoj\u00f3w alkoholowych<\/strong><\/a><a href=\"https:\/\/nowa.mogielnica.pl\/wp-content\/uploads\/2024\/10\/Wniosek-o-wydanie-zezwolen-na-sprzedaz-napojow-alkoholowych.docx\" class=\"wp-block-file__button wp-element-button\" download aria-describedby=\"wp-block-file--media-d3be36f0-5c7a-4064-a5c3-8852ed1a990e\">Pobierz<\/a><\/div>\n\n\n\n<p><\/p>\n\n\n\n<p class=\"has-text-align-center\"><strong>Dokumenty do pobrania : \u015awiadczenia rodzinne i fundusz alimentacyjny<\/strong><\/p>\n\n\n\n<div class=\"wp-block-group is-vertical is-layout-flex wp-container-core-group-is-layout-8cf370e7 wp-block-group-is-layout-flex\">\n<div class=\"wp-block-file\"><a id=\"wp-block-file--media-caa9e49d-23ff-455a-8404-fc534cde3295\" href=\"https:\/\/nowa.mogielnica.pl\/wp-content\/uploads\/2024\/07\/Wniosek-o-przyznanie-karty-duzej-rodziny-lub-wydanie-duplikatu-karty-duzej-rodziny.pdf\"><strong>Wniosek o przyznanie karty du\u017cej rodziny lub wydanie duplikatu karty du\u017cej rodziny<\/strong><\/a><a href=\"https:\/\/nowa.mogielnica.pl\/wp-content\/uploads\/2024\/07\/Wniosek-o-przyznanie-karty-duzej-rodziny-lub-wydanie-duplikatu-karty-duzej-rodziny.pdf\" class=\"wp-block-file__button wp-element-button\" download aria-describedby=\"wp-block-file--media-caa9e49d-23ff-455a-8404-fc534cde3295\">Pobierz<\/a><\/div>\n\n\n\n<div class=\"wp-block-file\"><a id=\"wp-block-file--media-290a20ff-b740-4556-91fd-32eea8f79f95\" href=\"https:\/\/nowa.mogielnica.pl\/wp-content\/uploads\/2024\/07\/Wniosek-o-ustalenie-prawa-do-jednorazowej-zapomogi-z-tytulu-urodzenia-sie-dziecka.pdf\"><strong>Wniosek o ustalenie prawa do jednorazowej zapomogi z tytu\u0142u urodzenia si\u0119 dziecka<\/strong><\/a><a href=\"https:\/\/nowa.mogielnica.pl\/wp-content\/uploads\/2024\/07\/Wniosek-o-ustalenie-prawa-do-jednorazowej-zapomogi-z-tytulu-urodzenia-sie-dziecka.pdf\" class=\"wp-block-file__button wp-element-button\" download aria-describedby=\"wp-block-file--media-290a20ff-b740-4556-91fd-32eea8f79f95\">Pobierz<\/a><\/div>\n\n\n\n<div class=\"wp-block-file\"><a id=\"wp-block-file--media-2a2c16b2-74f8-41be-82ce-e4a7b583c3e1\" href=\"https:\/\/nowa.mogielnica.pl\/wp-content\/uploads\/2024\/07\/Wniosek-o-ustalenie-prawa-do-swiadczenia-pielegnacyjnego-na-zasadach-obowiazujacych-od-01.01.2024r.pdf\"><strong>Wniosek o ustalenie prawa do \u015bwiadczenia piel\u0119gnacyjnego na zasadach obowi\u0105zuj\u0105cych od 01.01.2024r.<\/strong><\/a><a href=\"https:\/\/nowa.mogielnica.pl\/wp-content\/uploads\/2024\/07\/Wniosek-o-ustalenie-prawa-do-swiadczenia-pielegnacyjnego-na-zasadach-obowiazujacych-od-01.01.2024r.pdf\" class=\"wp-block-file__button wp-element-button\" download aria-describedby=\"wp-block-file--media-2a2c16b2-74f8-41be-82ce-e4a7b583c3e1\">Pobierz<\/a><\/div>\n\n\n\n<div class=\"wp-block-file\"><a id=\"wp-block-file--media-6221b5ea-77ae-4a8b-9c09-d7946eb114b4\" href=\"https:\/\/nowa.mogielnica.pl\/wp-content\/uploads\/2024\/07\/Wniosek-o-ustalenie-prawa-do-swiadczenia-rodzicielskiego.pdf\"><strong>Wniosek o ustalenie prawa do \u015bwiadczenia rodzicielskiego<\/strong><\/a><a href=\"https:\/\/nowa.mogielnica.pl\/wp-content\/uploads\/2024\/07\/Wniosek-o-ustalenie-prawa-do-swiadczenia-rodzicielskiego.pdf\" class=\"wp-block-file__button wp-element-button\" download aria-describedby=\"wp-block-file--media-6221b5ea-77ae-4a8b-9c09-d7946eb114b4\">Pobierz<\/a><\/div>\n\n\n\n<div class=\"wp-block-file\"><a id=\"wp-block-file--media-7e767803-a6b7-4411-b8ba-09667206e971\" href=\"https:\/\/nowa.mogielnica.pl\/wp-content\/uploads\/2024\/07\/Wniosek-o-ustalenie-prawa-do-swiadczen-z-funduszu-alimentacyjnego.pdf\"><strong>Wniosek o ustalenie prawa do \u015bwiadcze\u0144 z funduszu alimentacyjnego<\/strong><\/a><a href=\"https:\/\/nowa.mogielnica.pl\/wp-content\/uploads\/2024\/07\/Wniosek-o-ustalenie-prawa-do-swiadczen-z-funduszu-alimentacyjnego.pdf\" class=\"wp-block-file__button wp-element-button\" download aria-describedby=\"wp-block-file--media-7e767803-a6b7-4411-b8ba-09667206e971\">Pobierz<\/a><\/div>\n\n\n\n<div class=\"wp-block-file\"><a id=\"wp-block-file--media-e20a5a98-0b4e-4122-b9e6-358359b81238\" href=\"https:\/\/nowa.mogielnica.pl\/wp-content\/uploads\/2024\/07\/Wniosek-o-ustalenie-prawa-do-zasilku-pielegnacyjnego.pdf\"><strong>Wniosek o ustalenie prawa do zasi\u0142ku piel\u0119gnacyjnego<\/strong><\/a><a href=\"https:\/\/nowa.mogielnica.pl\/wp-content\/uploads\/2024\/07\/Wniosek-o-ustalenie-prawa-do-zasilku-pielegnacyjnego.pdf\" class=\"wp-block-file__button wp-element-button\" download aria-describedby=\"wp-block-file--media-e20a5a98-0b4e-4122-b9e6-358359b81238\">Pobierz<\/a><\/div>\n\n\n\n<div class=\"wp-block-file\"><a id=\"wp-block-file--media-0e4ee5c0-0e7c-48fa-ba34-db0a8c8d3d28\" href=\"https:\/\/nowa.mogielnica.pl\/wp-content\/uploads\/2024\/07\/Wniosek-o-ustalenie-prawa-do-zasilku-rodzinnego-oraz-dodatkow-do-zasilku-rodzinnego.pdf\"><strong>Wniosek o ustalenie prawa do zasi\u0142ku rodzinnego oraz dodatk\u00f3w do zasi\u0142ku rodzinnego<\/strong><\/a><a href=\"https:\/\/nowa.mogielnica.pl\/wp-content\/uploads\/2024\/07\/Wniosek-o-ustalenie-prawa-do-zasilku-rodzinnego-oraz-dodatkow-do-zasilku-rodzinnego.pdf\" class=\"wp-block-file__button wp-element-button\" download aria-describedby=\"wp-block-file--media-0e4ee5c0-0e7c-48fa-ba34-db0a8c8d3d28\">Pobierz<\/a><\/div>\n<\/div>\n\n\n\n<p><\/p>\n\n\n\n<p class=\"has-text-align-center\"><strong>Dokumenty do pobrania : Zwrot podatku akcyzowego dla rolnik\u00f3w<\/strong><\/p>\n\n\n\n<div class=\"wp-block-columns is-layout-flex wp-container-core-columns-is-layout-9d6595d7 wp-block-columns-is-layout-flex\">\n<div class=\"wp-block-column is-layout-flow wp-block-column-is-layout-flow\" style=\"flex-basis:100%\">\n<div class=\"wp-block-group is-vertical is-layout-flex wp-container-core-group-is-layout-8cf370e7 wp-block-group-is-layout-flex\">\n<div class=\"wp-block-group is-vertical is-layout-flex wp-container-core-group-is-layout-8cf370e7 wp-block-group-is-layout-flex\">\n<div class=\"wp-block-file\"><a id=\"wp-block-file--media-e0e7eff4-6696-4bf3-b4f7-15378a5cabe2\" href=\"https:\/\/nowa.mogielnica.pl\/wp-content\/uploads\/2024\/07\/1Wniosek_o_zwrot_podatku_akcyzowego_2024.pdf\"><strong>Wniosek_o_zwrot_podatku_akcyzowego_2024<\/strong><\/a><a href=\"https:\/\/nowa.mogielnica.pl\/wp-content\/uploads\/2024\/07\/1Wniosek_o_zwrot_podatku_akcyzowego_2024.pdf\" class=\"wp-block-file__button wp-element-button\" download aria-describedby=\"wp-block-file--media-e0e7eff4-6696-4bf3-b4f7-15378a5cabe2\">Pobierz<\/a><\/div>\n\n\n\n<div class=\"wp-block-file\"><a id=\"wp-block-file--media-056df6c9-ac12-4150-b88b-f02069f3f51e\" href=\"https:\/\/nowa.mogielnica.pl\/wp-content\/uploads\/2024\/07\/45Oswiadczenie_dzierzawa.doc\"><strong>Oswiadczenie_<\/strong>dotycz\u0105ce dzier\u017caw za\u0142\u0105cznik do wniosku akcyzowego 2024<\/a><a href=\"https:\/\/nowa.mogielnica.pl\/wp-content\/uploads\/2024\/07\/45Oswiadczenie_dzierzawa.doc\" class=\"wp-block-file__button wp-element-button\" download aria-describedby=\"wp-block-file--media-056df6c9-ac12-4150-b88b-f02069f3f51e\">Pobierz<\/a><\/div>\n\n\n\n<div class=\"wp-block-file\"><a id=\"wp-block-file--media-5567ecf3-def0-451b-8689-4491b0e50b92\" href=\"https:\/\/nowa.mogielnica.pl\/wp-content\/uploads\/2024\/07\/3zestawienie_FAKTUR_i_PKD_akcyza.pdf\"><strong>Zestawienie_FAKTUR_i_PKD_za\u0142\u0105cznik do wniosku akcyzowego 2024<\/strong><\/a><a href=\"https:\/\/nowa.mogielnica.pl\/wp-content\/uploads\/2024\/07\/3zestawienie_FAKTUR_i_PKD_akcyza.pdf\" class=\"wp-block-file__button wp-element-button\" download aria-describedby=\"wp-block-file--media-5567ecf3-def0-451b-8689-4491b0e50b92\">Pobierz<\/a><\/div>\n\n\n\n<div class=\"wp-block-file\"><a id=\"wp-block-file--media-d3f867f6-9d83-4bc7-b2f2-48d55fff3a96\" href=\"https:\/\/nowa.mogielnica.pl\/wp-content\/uploads\/2024\/07\/2Formularz_pomocy.docx\"><strong>Formularz_pomocy<\/strong> za\u0142\u0105cznik do wniosku akcyzowego 2024<\/a><a href=\"https:\/\/nowa.mogielnica.pl\/wp-content\/uploads\/2024\/07\/2Formularz_pomocy.docx\" class=\"wp-block-file__button wp-element-button\" download aria-describedby=\"wp-block-file--media-d3f867f6-9d83-4bc7-b2f2-48d55fff3a96\">Pobierz<\/a><\/div>\n<\/div>\n\n\n\n<div class=\"wp-block-file\"><a id=\"wp-block-file--media-28060d20-ea76-4327-9394-6e958b0eef28\" href=\"https:\/\/nowa.mogielnica.pl\/wp-content\/uploads\/2024\/08\/INSTRUKCJA-AKCYZA-2024-wniosek-oraz-zalaczniki.docx\">INSTRUKCJA AKCYZA 2024 &#8211; wniosek oraz za\u0142\u0105czniki<\/a><a href=\"https:\/\/nowa.mogielnica.pl\/wp-content\/uploads\/2024\/08\/INSTRUKCJA-AKCYZA-2024-wniosek-oraz-zalaczniki.docx\" class=\"wp-block-file__button wp-element-button\" download aria-describedby=\"wp-block-file--media-28060d20-ea76-4327-9394-6e958b0eef28\">Pobierz<\/a><\/div>\n<\/div>\n<\/div>\n<\/div>\n\n\n\n<p><\/p>\n\n\n\n<p><\/p>\n","protected":false},"excerpt":{"rendered":"<div class=\"mh-excerpt\"><p>Zalecane&nbsp;przegl\u0105darki&nbsp;do obs\u0142ugi dokument\u00f3w: Chrome, Firefox, Chromium W przegl\u0105darce Microsoft Edge mog\u0105 wyst\u0119powa\u0107 problemy z odczytaniem pliku. Za utrudnienia przepraszamy. **************************************************************************** Dokumenty do pobrania : \u015awiadczenia rodzinne i fundusz alimentacyjny Dokumenty do pobrania : Zwrot podatku <a class=\"mh-excerpt-more\" href=\"https:\/\/nowa.mogielnica.pl\/?page_id=1391\" title=\"Wnioski i Druki\">[&#8230;]<\/a><\/p>\n<\/div>","protected":false},"author":1,"featured_media":0,"parent":0,"menu_order":0,"comment_status":"closed","ping_status":"closed","template":"","meta":{"footnotes":""},"class_list":["post-1391","page","type-page","status-publish"],"_links":{"self":[{"href":"https:\/\/nowa.mogielnica.pl\/index.php?rest_route=\/wp\/v2\/pages\/1391","targetHints":{"allow":["GET"]}}],"collection":[{"href":"https:\/\/nowa.mogielnica.pl\/index.php?rest_route=\/wp\/v2\/pages"}],"about":[{"href":"https:\/\/nowa.mogielnica.pl\/index.php?rest_route=\/wp\/v2\/types\/page"}],"author":[{"embeddable":true,"href":"https:\/\/nowa.mogielnica.pl\/index.php?rest_route=\/wp\/v2\/users\/1"}],"replies":[{"embeddable":true,"href":"https:\/\/nowa.mogielnica.pl\/index.php?rest_route=%2Fwp%2Fv2%2Fcomments&post=1391"}],"version-history":[{"count":42,"href":"https:\/\/nowa.mogielnica.pl\/index.php?rest_route=\/wp\/v2\/pages\/1391\/revisions"}],"predecessor-version":[{"id":2842,"href":"https:\/\/nowa.mogielnica.pl\/index.php?rest_route=\/wp\/v2\/pages\/1391\/revisions\/2842"}],"wp:attachment":[{"href":"https:\/\/nowa.mogielnica.pl\/index.php?rest_route=%2Fwp%2Fv2%2Fmedia&parent=1391"}],"curies":[{"name":"wp","href":"https:\/\/api.w.org\/{rel}","templated":true}]}}