{"id":145,"date":"2022-06-25T17:33:30","date_gmt":"2022-06-25T17:33:30","guid":{"rendered":"https:\/\/nowa.mogielnica.pl\/?page_id=145"},"modified":"2025-09-24T11:36:29","modified_gmt":"2025-09-24T11:36:29","slug":"wladze","status":"publish","type":"page","link":"https:\/\/nowa.mogielnica.pl\/?page_id=145","title":{"rendered":"W\u0142adze"},"content":{"rendered":"\n<p>Samorz\u0105d Gminy i Miasta Mogielnica<\/p>\n\n\n\n<p><\/p>\n\n\n\n<hr class=\"wp-block-separator has-alpha-channel-opacity\"\/>\n\n\n\n<p><br><strong>BURMISTRZ Gminy i Miasta Mogielnica<\/strong><\/p>\n\n\n\n<p><strong><u>Robert Lipiec<\/u><\/strong><\/p>\n\n\n\n<hr class=\"wp-block-separator has-alpha-channel-opacity\"\/>\n\n\n\n<p><br><strong>PRZEWODNICZ\u0104CA Rady Miejskiej<\/strong><\/p>\n\n\n\n<p><strong><u>Agnieszka Pracownik<\/u><\/strong><\/p>\n\n\n\n<hr class=\"wp-block-separator has-alpha-channel-opacity\"\/>\n\n\n\n<p><strong>SKARBNIK<\/strong><br><br><a href=\"http:\/\/bip.mogielnica.pl\/index.php?id=49\"><strong><\/strong><\/a><br><strong><u>Anna Lewandowska<\/u><\/strong><\/p>\n\n\n\n<hr class=\"wp-block-separator has-alpha-channel-opacity\"\/>\n\n\n\n<p><strong>SEKRETARZ<br><br><u>Grzegorz Fraso\u0144ski<\/u><\/strong><br>&nbsp;<\/p>\n\n\n\n<hr class=\"wp-block-separator has-alpha-channel-opacity\"\/>\n\n\n\n<p><strong>Wiceprzewodnicz\u0105cy Rady Miejskiej:<\/strong><\/p>\n\n\n\n<p><strong><u>Wies\u0142aw Ma\u0142ek<\/u><\/strong><\/p>\n\n\n\n<hr class=\"wp-block-separator has-alpha-channel-opacity\"\/>\n\n\n\n<p><strong>Siedziba Rady &#8211; Plac Rynek 1, tel.&nbsp; (48) 66 35 149 w. 41<br>Siedziba Urz\u0119du &#8211; Plac Rynek 1 tel. (48) 66 35 149&nbsp;<\/strong>&nbsp;<\/p>\n\n\n\n<p><strong>Radni Rady Miejskiej w Mogielnicy &#8211; kadencja 2024-2029<\/strong><\/p>\n\n\n\n<ol class=\"wp-block-list\">\n<li><strong>Baran S\u0142awomir &#8211; G\u00f3rki-Izabelin<\/strong><\/li>\n\n\n\n<li><strong>Budzik Halina &#8211; Tomczyce<\/strong><\/li>\n\n\n\n<li><strong>Jagieli\u0144ski Adam &#8211; Wodziczna<\/strong><\/li>\n\n\n\n<li><strong>Lisiak Tomasz&nbsp;&#8211; Paw\u0142owice &#8211; radny od 21.07.2025 r.<\/strong><\/li>\n\n\n\n<li><strong>Kiljan Rados\u0142aw&nbsp;&#8211; Otal\u0105\u017cka<\/strong><\/li>\n\n\n\n<li><strong>Kowalska Zofia &#8211; W\u0119\u017cowiec<\/strong><\/li>\n\n\n\n<li><strong>Krawczyk Miros\u0142aw &#8211; Jastrz\u0119bia<\/strong><\/li>\n\n\n\n<li><strong>Kuligowski Krzysztof&nbsp;&#8211; Borowe<\/strong><\/li>\n\n\n\n<li><strong>Kuligowski Mariusz&nbsp;&#8211; W\u00f3lka Gostomska<\/strong><\/li>\n\n\n\n<li><strong>Ma\u0142ek Wies\u0142aw&nbsp;&#8211; \u015awidno<\/strong><\/li>\n\n\n\n<li><strong>Popis Ireneusz&nbsp;&#8211; Mogielnica<\/strong><\/li>\n\n\n\n<li><strong>Pracownik Agnieszka &#8211; Mogielnica<\/strong><\/li>\n\n\n\n<li><strong>St\u0119pie\u0144 Marzena &#8211; Kozietu\u0142y<\/strong><\/li>\n\n\n\n<li><strong>St\u0119pniak Adam- Mogielnica<\/strong><\/li>\n\n\n\n<li><strong>\u015acis\u0142owska Ewa &#8211; Mogielnica<\/strong><\/li>\n<\/ol>\n\n\n\n<p><strong>Radni Rady Miejskiej w Mogielnicy &#8211; kadencja 2018-2023<\/strong><\/p>\n\n\n\n<ol class=\"wp-block-list\">\n<li><strong>Bogdan Irena &#8211; Borowe<\/strong><\/li>\n\n\n\n<li><strong>Budzik Halina &#8211; Tomczyce<\/strong><\/li>\n\n\n\n<li><strong>Malinowska Agnieszka &#8211; Dylew<\/strong><\/li>\n\n\n\n<li><strong>Jagieli\u0144ski Adam &#8211; Wodziczna<\/strong><\/li>\n\n\n\n<li><strong>Kieszek Edward &#8211; Miechowice<\/strong><\/li>\n\n\n\n<li><strong>Wasiak W\u0142odzimierz &#8211; P\u0105czew<\/strong><\/li>\n\n\n\n<li><strong>Michalski Grzegorz- Mogielnica<\/strong><\/li>\n\n\n\n<li><strong>Marczak Jerzy &#8211; Kozietu\u0142y<\/strong><\/li>\n\n\n\n<li><strong>Sawicki Bogdan &#8211; Mogielnica<\/strong><\/li>\n\n\n\n<li><strong>Nejman Piotr &#8211; Mogielnica<\/strong><\/li>\n\n\n\n<li><strong>Baran S\u0142awomir &#8211; G\u00f3rki-Izabelin<\/strong><\/li>\n\n\n\n<li><strong>Radecki Piotr &#8211; Otal\u0105\u017c<\/strong><\/li>\n\n\n\n<li><strong>K\u0119pka Stanis\u0142aw &#8211; Mogielnica<\/strong><\/li>\n\n\n\n<li><strong>Marciniak Jan &#8211; Dziarn\u00f3w<\/strong><\/li>\n\n\n\n<li><strong>Ma\u0142ek Wies\u0142aw&nbsp;&#8211; \u015awidno<\/strong><\/li>\n<\/ol>\n\n\n\n<hr class=\"wp-block-separator has-alpha-channel-opacity\"\/>\n\n\n\n<p><strong>Lista Radnych Rady Miejskiej w Mogielnicy wybranych w wyborach w dniu 16 listopada 2014r<\/strong><\/p>\n\n\n\n<ol class=\"wp-block-list\">\n<li><strong>Bogdan Irena<\/strong><\/li>\n\n\n\n<li><strong>Ha\u015bkie Beata<\/strong><\/li>\n\n\n\n<li><strong>Wi\u015bniewska Anna<\/strong><\/li>\n\n\n\n<li><strong>Dudek Jan<\/strong><\/li>\n\n\n\n<li><strong>Jagieli\u0144ski Adam<\/strong><\/li>\n\n\n\n<li><strong>Jakubczak Adam<\/strong><\/li>\n\n\n\n<li><strong>Kieszek Edward<\/strong><\/li>\n\n\n\n<li><strong>Kurp Krzysztof<\/strong><\/li>\n\n\n\n<li><strong>Marciniak Jan<\/strong><\/li>\n\n\n\n<li><strong>Radecki Piotr<\/strong><\/li>\n\n\n\n<li><strong>Sawicki Bogdan<\/strong><\/li>\n\n\n\n<li><strong>Szczepa\u0144ski Marek<\/strong><\/li>\n\n\n\n<li><strong>Tkaczyk Jan<\/strong><\/li>\n\n\n\n<li><strong>Wilewski Wies\u0142aw<\/strong><\/li>\n\n\n\n<li><strong>Zawalich Jaros\u0142aw<\/strong><\/li>\n<\/ol>\n\n\n\n<hr class=\"wp-block-separator has-alpha-channel-opacity\"\/>\n\n\n\n<p><strong>Lista Radnych Rady Miejskiej w Mogielnicy wybranych w wyborach w dniu&nbsp;21 listopada 2010r<\/strong><\/p>\n\n\n\n<ol class=\"wp-block-list\">\n<li><strong>Babska-Jakubczak Ma\u0142gorzata Helena<\/strong><\/li>\n\n\n\n<li><strong>Bogdan Irena<\/strong><\/li>\n\n\n\n<li><strong>D\u0105browski Andrzej<\/strong><\/li>\n\n\n\n<li><strong>Fraso\u0144ska Anna<\/strong><\/li>\n\n\n\n<li><strong>Michalak Barbara Zofia<\/strong><\/li>\n\n\n\n<li><strong>Michalski Grzegorz<\/strong><\/li>\n\n\n\n<li><strong>Ptaszek Rados\u0142aw<\/strong><\/li>\n\n\n\n<li><strong>Rek Rafa\u0142 Pawe\u0142<\/strong><\/li>\n\n\n\n<li><strong>Rybak J\u00f3zef<\/strong><\/li>\n\n\n\n<li><strong>Sawicki Bogdan<\/strong><\/li>\n\n\n\n<li><strong>St\u0119pie\u0144 Ireneusz W\u0142odzimierz<\/strong><\/li>\n\n\n\n<li><strong>Wasiak W\u0142odzimierz Zenon<\/strong><\/li>\n\n\n\n<li><strong>Wilewski Wies\u0142aw<\/strong><\/li>\n\n\n\n<li><strong>Wrzosek Krzysztof<\/strong><\/li>\n\n\n\n<li><strong>Zawalich Jaros\u0142aw<\/strong><\/li>\n<\/ol>\n\n\n\n<p><br><br><strong>Lista Radnych Rady Miejskiej w Mogielnicy wybranych w wyborach w dniu 12 listopada 2006r<br><br>1. Babska-Jakubczak Ma\u0142gorzata Helena<br>2. Dudzi\u0144ski Janusz<br>3. Fiuczek Wojciech Jan<br>4. Lipiec Boles\u0142aw<br>5. Ma\u0142achowski Roman Wojciech<br>6. Melon Marek Janusz<br>7. Mendyk Jerzy<br>8. Michalak Barbara Zofia<br>9. Morawiecki Adam<br>10. Mr\u00f3z Andrzej<br>11. S\u0142onecki Andrzej Zbigniew<br>12. St\u0119pniak Adam<br>13. Wasiak W\u0142odzimierz Zenon<br>14. W\u0105truk Stanis\u0142aw<br>15. Zawalich Jaros\u0142aw<br><br>Lista Radnych Rady Miejskiej w Mogielnicy wybranych w wyborach w dniu 27 pa\u017adziernika 2002r<br><br>1. Jaros\u0142aw Zawalich<br>2. Jan Tkaczyk<br>3. Ma\u0142gorzata Wasilewska<br>4. Czes\u0142aw Rz\u0119pa\u0142a<br>5. Marek Rek<br>6. Andrzej Pajewski<br>7. Krystyna J\u0119drusi\u0144ska<br>8. Bogdan Cupryjak<br>9. Leszek Zaidlewicz<br>10. Miros\u0142aw Gaworski<br>11. Stanis\u0142aw Goska<br>12. J\u00f3zef Lewandowski<br>13. Barbara Kowalska<br>14. Micha\u0142 Truszkiewicz<br>15. Roman Ma\u0142achowski<br><br>W sk\u0142ad Urz\u0119du wchodz\u0105 nast\u0119puj\u0105ce referaty:<br><br>1. Referat Organizacyjny. Spraw Obywatelskich i O\u015bwiaty;<br>2. Referat Finansowo-Bud\u017cetowy ;<br>3. Referat Budownictwa, Gospodarki Komunalnej i Inwestycji ;<br>4. Referat Geodezji, Gospodarki Gruntami, Rolnictwa i Ochrony \u015arodowiska ;<br>5. Urz\u0105d Stanu Cywilnego ;<br>6. Biuro Rady Miejskiej ;<br>7. Samodzielne stanowiska:<br>&#8211; d\/s kadr ;<br>&#8211; d\/s komunikacji ;<br>&#8211; d\/s obronnych ;<br>&#8211; d\/s rozwoju gospodarczego, kultury, zdrowia i sportu.<\/strong><\/p>\n\n\n\n<ol class=\"wp-block-list\">\n<li><\/li>\n<\/ol>\n","protected":false},"excerpt":{"rendered":"<div class=\"mh-excerpt\"><p>Samorz\u0105d Gminy i Miasta Mogielnica BURMISTRZ Gminy i Miasta Mogielnica Robert Lipiec PRZEWODNICZ\u0104CA Rady Miejskiej Agnieszka Pracownik SKARBNIK Anna Lewandowska SEKRETARZ Grzegorz Fraso\u0144ski&nbsp; Wiceprzewodnicz\u0105cy Rady Miejskiej: Wies\u0142aw Ma\u0142ek Siedziba Rady &#8211; Plac Rynek 1, tel.&nbsp; <a class=\"mh-excerpt-more\" href=\"https:\/\/nowa.mogielnica.pl\/?page_id=145\" title=\"W\u0142adze\">[&#8230;]<\/a><\/p>\n<\/div>","protected":false},"author":1,"featured_media":0,"parent":102,"menu_order":2,"comment_status":"closed","ping_status":"closed","template":"template-authors.php","meta":{"footnotes":""},"class_list":["post-145","page","type-page","status-publish"],"_links":{"self":[{"href":"https:\/\/nowa.mogielnica.pl\/index.php?rest_route=\/wp\/v2\/pages\/145","targetHints":{"allow":["GET"]}}],"collection":[{"href":"https:\/\/nowa.mogielnica.pl\/index.php?rest_route=\/wp\/v2\/pages"}],"about":[{"href":"https:\/\/nowa.mogielnica.pl\/index.php?rest_route=\/wp\/v2\/types\/page"}],"author":[{"embeddable":true,"href":"https:\/\/nowa.mogielnica.pl\/index.php?rest_route=\/wp\/v2\/users\/1"}],"replies":[{"embeddable":true,"href":"https:\/\/nowa.mogielnica.pl\/index.php?rest_route=%2Fwp%2Fv2%2Fcomments&post=145"}],"version-history":[{"count":7,"href":"https:\/\/nowa.mogielnica.pl\/index.php?rest_route=\/wp\/v2\/pages\/145\/revisions"}],"predecessor-version":[{"id":7343,"href":"https:\/\/nowa.mogielnica.pl\/index.php?rest_route=\/wp\/v2\/pages\/145\/revisions\/7343"}],"up":[{"embeddable":true,"href":"https:\/\/nowa.mogielnica.pl\/index.php?rest_route=\/wp\/v2\/pages\/102"}],"wp:attachment":[{"href":"https:\/\/nowa.mogielnica.pl\/index.php?rest_route=%2Fwp%2Fv2%2Fmedia&parent=145"}],"curies":[{"name":"wp","href":"https:\/\/api.w.org\/{rel}","templated":true}]}}