{"id":150,"date":"2022-06-25T17:41:49","date_gmt":"2022-06-25T17:41:49","guid":{"rendered":"https:\/\/nowa.mogielnica.pl\/?page_id=150"},"modified":"2022-06-28T13:41:59","modified_gmt":"2022-06-28T13:41:59","slug":"gospodarka","status":"publish","type":"page","link":"https:\/\/nowa.mogielnica.pl\/?page_id=150","title":{"rendered":"Gospodarka"},"content":{"rendered":"\n<p>Potencjalnymi mo\u017cliwo\u015bciami rozwoju gminy Mogielnica pod wzgl\u0119dem gospodarczym jest rozw\u00f3j przemys\u0142u rolno-spo\u017cywczego oraz realizacja zada\u0144 z zakresu gospodarki wodno &#8211; \u015bciekowej. W ramach dzia\u0142alno\u015bci gospodarczej dominuje przetw\u00f3rstwo owocowo &#8211; warzywne, produkcja pieczarek, us\u0142ugi bran\u017cy sk\u00f3rzanej. Mogielnica kontynuuje swoje tradycje w zakresie takich bran\u017c jak: szewstwo, cholewkarstwo i garbarstwo.<br>Najwi\u0119kszymi zak\u0142adami regionu s\u0105:<\/p>\n\n\n\n<ul class=\"wp-block-list\"><li>Zak\u0142ad Przemys\u0142u Cukierniczego IGA w Mogielnicy &#8211; produkcja wyrob\u00f3w cukierniczych<\/li><li>Dinter Polska sp z o.o. Zak\u0142ad w Kozietu\u0142ach Nowych &#8211; przetw\u00f3rstwo owoc\u00f3w<\/li><li>ZPOW ARED w Mogielnicy &#8211; przetw\u00f3rstwo owoc\u00f3w i warzyw<\/li><li>Peter &#8211; bran\u017ca chemiczna, sprzeda\u017c \u015br. ochrony ro\u015blin<\/li><li>Transkopar &#8211; firma transportowo-budowlana<\/li><li>Centrum Ogrodnicze w Izabelinie<\/li><li>EMIG sp. z o.o. Zak\u0142ad w Kozietu\u0142ach Nowych &#8211; wytw\u00f3rnia sok\u00f3w&nbsp;i napoj\u00f3w<\/li><li>PPUH&nbsp; OLA w Mogielnicy &#8211; produkcja wyrob\u00f3w cukierniczych<\/li><\/ul>\n\n\n\n<p>\u017bycie gospodarcze miasta \u015bci\u015ble zwi\u0105zane jest z sadowniczo &#8211; us\u0142ugowym charakterem regionu. Rejestr gminy obejmuje aktualnie ponad 1000 podmiot\u00f3w gospodarczych Wszystkie maj\u0105 zapewnion\u0105 wszechstronn\u0105 obs\u0142ug\u0119 finansow\u0105 przez Bank Sp\u00f3\u0142dzielczy. Na terenie gliny prowadz\u0105 dzia\u0142alno\u015b\u0107 nast\u0119puj\u0105ce podmioty w zakresie:<\/p>\n\n\n\n<ul class=\"wp-block-list\"><li>produkcyjnym<\/li><li>gastronomicznym<\/li><li>budowlano &#8211; remontowym<\/li><li>handlowym<\/li><li>us\u0142ug transportowych<\/li><li>inne \/w tym us\u0142ugowe\/<\/li><\/ul>\n\n\n\n<p><br>Dzia\u0142ania proekologiczne na wi\u0119ksz\u0105 skal\u0119 podj\u0119to w latach 90-tych. Uda\u0142o si\u0119 rozwi\u0105za\u0107 problem zaopatrzenia gminy w wod\u0119. Powa\u017cnym osi\u0105gni\u0119ciem jest wybudowanie i oddanie do eksploatacji wysypiska \u015bmieci na W\u0119\u017cowcu. Szerzeniu wiedzy i kszta\u0142towaniu postaw proekologicznych s\u0142u\u017c\u0105 zaj\u0119cia pozalekcyjne w miejscowych szko\u0142ach, koncentrujac si\u0119 na organizowaniu wyk\u0142ad\u00f3w, warsztat\u00f3w ekologicznych oraz olimpiady ekologiczne: propaguj\u0105c zdrowy i aktywny styl \u017cycia.&nbsp;&nbsp;<\/p>\n\n\n\n<p>\u00a0 \u00a0<\/p>\n","protected":false},"excerpt":{"rendered":"<div class=\"mh-excerpt\"><p>Potencjalnymi mo\u017cliwo\u015bciami rozwoju gminy Mogielnica pod wzgl\u0119dem gospodarczym jest rozw\u00f3j przemys\u0142u rolno-spo\u017cywczego oraz realizacja zada\u0144 z zakresu gospodarki wodno &#8211; \u015bciekowej. W ramach dzia\u0142alno\u015bci gospodarczej dominuje przetw\u00f3rstwo owocowo &#8211; warzywne, produkcja pieczarek, us\u0142ugi bran\u017cy sk\u00f3rzanej. <a class=\"mh-excerpt-more\" href=\"https:\/\/nowa.mogielnica.pl\/?page_id=150\" title=\"Gospodarka\">[&#8230;]<\/a><\/p>\n<\/div>","protected":false},"author":1,"featured_media":0,"parent":0,"menu_order":0,"comment_status":"closed","ping_status":"closed","template":"template-authors.php","meta":{"footnotes":""},"class_list":["post-150","page","type-page","status-publish"],"_links":{"self":[{"href":"https:\/\/nowa.mogielnica.pl\/index.php?rest_route=\/wp\/v2\/pages\/150","targetHints":{"allow":["GET"]}}],"collection":[{"href":"https:\/\/nowa.mogielnica.pl\/index.php?rest_route=\/wp\/v2\/pages"}],"about":[{"href":"https:\/\/nowa.mogielnica.pl\/index.php?rest_route=\/wp\/v2\/types\/page"}],"author":[{"embeddable":true,"href":"https:\/\/nowa.mogielnica.pl\/index.php?rest_route=\/wp\/v2\/users\/1"}],"replies":[{"embeddable":true,"href":"https:\/\/nowa.mogielnica.pl\/index.php?rest_route=%2Fwp%2Fv2%2Fcomments&post=150"}],"version-history":[{"count":2,"href":"https:\/\/nowa.mogielnica.pl\/index.php?rest_route=\/wp\/v2\/pages\/150\/revisions"}],"predecessor-version":[{"id":227,"href":"https:\/\/nowa.mogielnica.pl\/index.php?rest_route=\/wp\/v2\/pages\/150\/revisions\/227"}],"wp:attachment":[{"href":"https:\/\/nowa.mogielnica.pl\/index.php?rest_route=%2Fwp%2Fv2%2Fmedia&parent=150"}],"curies":[{"name":"wp","href":"https:\/\/api.w.org\/{rel}","templated":true}]}}