{"id":182,"date":"2022-06-25T19:15:18","date_gmt":"2022-06-25T19:15:18","guid":{"rendered":"https:\/\/nowa.mogielnica.pl\/?page_id=182"},"modified":"2024-10-22T13:10:41","modified_gmt":"2024-10-22T13:10:41","slug":"unia-europejska","status":"publish","type":"page","link":"https:\/\/nowa.mogielnica.pl\/?page_id=182","title":{"rendered":"Unia Europejska"},"content":{"rendered":"\n<p><strong>&#8222;Regionalne partnerstwo samorz\u0105d\u00f3w Mazowsza dla aktywizacji spo\u0142ecze\u0144stwa informacyjnego w zakresie e-administracji i geoinformacji\u201d (Projekt ASI)\u201d<\/strong><\/p>\n\n\n\n<div class=\"wp-block-file\"><a id=\"wp-block-file--media-f9e254aa-b6c4-4acd-9294-997d91851f6d\" href=\"https:\/\/nowa.mogielnica.pl\/wp-content\/uploads\/2024\/09\/Gmina-Mogielnica-brala-udzial-w-projekcie-ASi.pdf\"><strong>Gmina Mogielnica bra\u0142a udzia\u0142 w projekcie ASi<\/strong><\/a><a href=\"https:\/\/nowa.mogielnica.pl\/wp-content\/uploads\/2024\/09\/Gmina-Mogielnica-brala-udzial-w-projekcie-ASi.pdf\" class=\"wp-block-file__button wp-element-button\" download aria-describedby=\"wp-block-file--media-f9e254aa-b6c4-4acd-9294-997d91851f6d\">Pobierz<\/a><\/div>\n\n\n\n<p><\/p>\n\n\n\n<div class=\"wp-block-file\"><a id=\"wp-block-file--media-8625b84b-715d-4f7d-9e08-7019ea1620a4\" href=\"https:\/\/nowa.mogielnica.pl\/wp-content\/uploads\/2024\/10\/Budowa-kanalizacji-sanitarnej-na-terenie-aglomeracji-Mogielnica.pdf\">Budowa kanalizacji sanitarnej na terenie aglomeracji Mogielnica<\/a><a href=\"https:\/\/nowa.mogielnica.pl\/wp-content\/uploads\/2024\/10\/Budowa-kanalizacji-sanitarnej-na-terenie-aglomeracji-Mogielnica.pdf\" class=\"wp-block-file__button wp-element-button\" download aria-describedby=\"wp-block-file--media-8625b84b-715d-4f7d-9e08-7019ea1620a4\">Pobierz<\/a><\/div>\n\n\n\n<div class=\"wp-block-file\"><a id=\"wp-block-file--media-6151fa2a-3778-4f8b-8849-a50b96f02c00\" href=\"https:\/\/nowa.mogielnica.pl\/wp-content\/uploads\/2024\/10\/plakat-informacyjny-kanalizacja-sanitarna.pdf\">plakat informacyjny kanalizacja sanitarna<\/a><a href=\"https:\/\/nowa.mogielnica.pl\/wp-content\/uploads\/2024\/10\/plakat-informacyjny-kanalizacja-sanitarna.pdf\" class=\"wp-block-file__button wp-element-button\" download aria-describedby=\"wp-block-file--media-6151fa2a-3778-4f8b-8849-a50b96f02c00\">Pobierz<\/a><\/div>\n","protected":false},"excerpt":{"rendered":"<div class=\"mh-excerpt\"><p>&#8222;Regionalne partnerstwo samorz\u0105d\u00f3w Mazowsza dla aktywizacji spo\u0142ecze\u0144stwa informacyjnego w zakresie e-administracji i geoinformacji\u201d (Projekt ASI)\u201d<\/p>\n<\/div>","protected":false},"author":1,"featured_media":0,"parent":0,"menu_order":0,"comment_status":"closed","ping_status":"closed","template":"template-authors.php","meta":{"footnotes":""},"class_list":["post-182","page","type-page","status-publish"],"_links":{"self":[{"href":"https:\/\/nowa.mogielnica.pl\/index.php?rest_route=\/wp\/v2\/pages\/182","targetHints":{"allow":["GET"]}}],"collection":[{"href":"https:\/\/nowa.mogielnica.pl\/index.php?rest_route=\/wp\/v2\/pages"}],"about":[{"href":"https:\/\/nowa.mogielnica.pl\/index.php?rest_route=\/wp\/v2\/types\/page"}],"author":[{"embeddable":true,"href":"https:\/\/nowa.mogielnica.pl\/index.php?rest_route=\/wp\/v2\/users\/1"}],"replies":[{"embeddable":true,"href":"https:\/\/nowa.mogielnica.pl\/index.php?rest_route=%2Fwp%2Fv2%2Fcomments&post=182"}],"version-history":[{"count":3,"href":"https:\/\/nowa.mogielnica.pl\/index.php?rest_route=\/wp\/v2\/pages\/182\/revisions"}],"predecessor-version":[{"id":1813,"href":"https:\/\/nowa.mogielnica.pl\/index.php?rest_route=\/wp\/v2\/pages\/182\/revisions\/1813"}],"wp:attachment":[{"href":"https:\/\/nowa.mogielnica.pl\/index.php?rest_route=%2Fwp%2Fv2%2Fmedia&parent=182"}],"curies":[{"name":"wp","href":"https:\/\/api.w.org\/{rel}","templated":true}]}}